{"id":480,"date":"2022-10-17T09:56:23","date_gmt":"2022-10-17T07:56:23","guid":{"rendered":"http:\/\/www.neurodevelopment.sav.sk\/en\/?page_id=480"},"modified":"2024-10-03T13:28:45","modified_gmt":"2024-10-03T11:28:45","slug":"2022-2","status":"publish","type":"page","link":"http:\/\/www.neurodevelopment.sav.sk\/en\/publications\/2022-2\/","title":{"rendered":"2022"},"content":{"rendered":"<p style=\"text-align: justify;\"><a href=\"https:\/\/pubmed.ncbi.nlm.nih.gov\/34953048\/\" onclick=\"javascript:_gaq.push(['_trackEvent','outbound-article','http:\/\/pubmed.ncbi.nlm.nih.gov']);\" target=\"_blank\" rel=\"noopener\">Mravec B. Neurobiology of cancer: Definition, historical overview, and clinical implications. Cancer Med. 2022;11(4):903-921. doi:10.1002\/cam4.4488.<\/a><\/p>\n<p style=\"text-align: justify;\"><a href=\"https:\/\/pubmed.ncbi.nlm.nih.gov\/35159002\/\" onclick=\"javascript:_gaq.push(['_trackEvent','outbound-article','http:\/\/pubmed.ncbi.nlm.nih.gov']);\" target=\"_blank\" rel=\"noopener\">Tibensky M, Jakubechova J, Altanerova U, et al. Gene-Directed Enzyme\/Prodrug Therapy of Rat Brain Tumor Mediated by Human Mesenchymal Stem Cell Suicide Gene Extracellular Vesicles In Vitro and In Vivo. Cancers (Basel). 2022;14(3):735. Published 2022 Jan 31. doi:10.3390\/cancers14030735.<\/a><\/p>\n<p style=\"text-align: justify;\"><a href=\"https:\/\/pubmed.ncbi.nlm.nih.gov\/35760573\/\" onclick=\"javascript:_gaq.push(['_trackEvent','outbound-article','http:\/\/pubmed.ncbi.nlm.nih.gov']);\" target=\"_blank\" rel=\"noopener\">Mravec B, Bla\u0161ko F. Neurobiology of cancer &#8211; the role of cancer tissue innervation. Neurobiol\u00f3gia n\u00e1dorov\u00fdch chor\u00f4b &#8211; v\u00fdznam inerv\u00e1cie n\u00e1dorov\u00e9ho tkaniva. Klin Onkol. 2022;35(3):208-214. doi:10.48095\/ccko2022208.<\/a><\/p>\n<p style=\"text-align: justify;\"><a href=\"https:\/\/pubmed.ncbi.nlm.nih.gov\/36038696\/\" onclick=\"javascript:_gaq.push(['_trackEvent','outbound-article','http:\/\/pubmed.ncbi.nlm.nih.gov']);\" target=\"_blank\" rel=\"noopener\">Majerova K, Zvarik M, Ricon-Becker I, et al. Increased sympathetic modulation in breast cancer survivors determined by measurement of heart rate variability. Sci Rep. 2022;12(1):14666. Published 2022 Aug 29. doi:10.1038\/s41598-022-18865-7.<\/a><\/p>\n<p style=\"text-align: justify;\"><a href=\"https:\/\/pubmed.ncbi.nlm.nih.gov\/36222340\/\" onclick=\"javascript:_gaq.push(['_trackEvent','outbound-article','http:\/\/pubmed.ncbi.nlm.nih.gov']);\" target=\"_blank\" rel=\"noopener\">Pid\u00edkov\u00e1 P, Chovancov\u00e1 B, Mravec B, Herichov\u00e1 I. The 24-h pattern of dgcr8, drosha, and dicer expression in the rat suprachiasmatic nuclei and peripheral tissues and its modulation by angiotensin II.&nbsp;<em>Gen Physiol Biophys<\/em>. 2022;41(5):417-430. doi:10.4149\/gpb_2022033.<\/a><\/p>\n<p style=\"text-align: justify;\"><a href=\"https:\/\/pubmed.ncbi.nlm.nih.gov\/34798194\/\" onclick=\"javascript:_gaq.push(['_trackEvent','outbound-article','http:\/\/pubmed.ncbi.nlm.nih.gov']);\" target=\"_blank\" rel=\"noopener\">Osacka J, Kiss A, Mach M, Tillinger A, Koprdova R. Haloperidol and aripiprazole affects CRH system and behaviour of animals exposed to chronic mild stress. Neurochem Int. 2022;152:105224. doi:10.1016\/j.neuint.2021.105224.<\/a><\/p>\n<p style=\"text-align: justify;\"><a href=\"https:\/\/pubmed.ncbi.nlm.nih.gov\/35575958\/\" onclick=\"javascript:_gaq.push(['_trackEvent','outbound-article','http:\/\/pubmed.ncbi.nlm.nih.gov']);\" target=\"_blank\" rel=\"noopener\">Osacka J, Kiss A, Pirnik Z. Possible involvement of apoptosis in the antipsychotics side effects: A mini-review. Clin Exp Pharmacol Physiol. 2022;49(8):836-847. doi:10.1111\/1440-1681.13671.<\/a><\/p>\n<p style=\"text-align: justify;\"><a href=\"https:\/\/pubmed.ncbi.nlm.nih.gov\/35887056\/\" onclick=\"javascript:_gaq.push(['_trackEvent','outbound-article','http:\/\/pubmed.ncbi.nlm.nih.gov']);\" target=\"_blank\" rel=\"noopener\">Osacka J, Kiss A, Bacova Z, Tillinger A. Effect of Haloperidol and Olanzapine on Hippocampal Cells&#8217; Proliferation in Animal Model of Schizophrenia. Int J Mol Sci. 2022;23(14):7711. Published 2022 Jul 12. doi:10.3390\/ijms23147711<\/a><\/p>\n","protected":false},"excerpt":{"rendered":"<p>Mravec B. Neurobiology of cancer: Definition, historical overview, and clinical implications. Cancer Med. 2022;11(4):903-921. doi:10.1002\/cam4.4488. Tibensky M, Jakubechova J, Altanerova U, et al. Gene-Directed Enzyme\/Prodrug Therapy of Rat Brain Tumor Mediated by Human Mesenchymal Stem Cell Suicide Gene Extracellular Vesicles &hellip; <a href=\"http:\/\/www.neurodevelopment.sav.sk\/en\/publications\/2022-2\/\" >Continue reading <span class=\"meta-nav\">&rarr;<\/span><\/a><\/p>\n","protected":false},"author":1,"featured_media":0,"parent":21,"menu_order":3,"comment_status":"closed","ping_status":"closed","template":"","meta":[],"_links":{"self":[{"href":"http:\/\/www.neurodevelopment.sav.sk\/en\/wp-json\/wp\/v2\/pages\/480"}],"collection":[{"href":"http:\/\/www.neurodevelopment.sav.sk\/en\/wp-json\/wp\/v2\/pages"}],"about":[{"href":"http:\/\/www.neurodevelopment.sav.sk\/en\/wp-json\/wp\/v2\/types\/page"}],"author":[{"embeddable":true,"href":"http:\/\/www.neurodevelopment.sav.sk\/en\/wp-json\/wp\/v2\/users\/1"}],"replies":[{"embeddable":true,"href":"http:\/\/www.neurodevelopment.sav.sk\/en\/wp-json\/wp\/v2\/comments?post=480"}],"version-history":[{"count":4,"href":"http:\/\/www.neurodevelopment.sav.sk\/en\/wp-json\/wp\/v2\/pages\/480\/revisions"}],"predecessor-version":[{"id":539,"href":"http:\/\/www.neurodevelopment.sav.sk\/en\/wp-json\/wp\/v2\/pages\/480\/revisions\/539"}],"up":[{"embeddable":true,"href":"http:\/\/www.neurodevelopment.sav.sk\/en\/wp-json\/wp\/v2\/pages\/21"}],"wp:attachment":[{"href":"http:\/\/www.neurodevelopment.sav.sk\/en\/wp-json\/wp\/v2\/media?parent=480"}],"curies":[{"name":"wp","href":"https:\/\/api.w.org\/{rel}","templated":true}]}}