{"id":349,"date":"2019-02-12T16:03:05","date_gmt":"2019-02-12T14:03:05","guid":{"rendered":"http:\/\/www.neurodevelopment.sav.sk\/en\/?page_id=349"},"modified":"2019-11-27T11:23:10","modified_gmt":"2019-11-27T09:23:10","slug":"2019-2","status":"publish","type":"page","link":"http:\/\/www.neurodevelopment.sav.sk\/en\/publications\/2019-2\/","title":{"rendered":"2019"},"content":{"rendered":"<p style=\"text-align: justify;\"><a href=\"https:\/\/www.ncbi.nlm.nih.gov\/pubmed\/31473519\" onclick=\"javascript:_gaq.push(['_trackEvent','outbound-article','http:\/\/www.ncbi.nlm.nih.gov']);\" target=\"_blank\">Tillinger A, Padov\u00e1 A, Mravec B, Tomova A. Stressors affect urocortin 1 and urocortin 2 gene expression in rat spleen: The role of glucocorticoids. J Neuroimmunol. 2019 Nov 15;336:577030. doi: 10.1016\/j.jneuroim.2019.577030. Epub 2019 Aug 23.<\/a><\/p>\n<p style=\"text-align: justify;\"><a href=\"https:\/\/www.ncbi.nlm.nih.gov\/pubmed\/31517627\" onclick=\"javascript:_gaq.push(['_trackEvent','outbound-article','http:\/\/www.ncbi.nlm.nih.gov']);\" target=\"_blank\">Padova A, Rokytova I, Mravec B, Kvetnansky R, Vargovic P. Exposure to a single immobilization or lipopolysaccharide challenge increases expression of genes implicated in the development of Alzheimer&#8217;s disease in the mice brain cortex. Endocr Regul. 2019 Apr 1;53(2):100-109. doi: 10.2478\/enr-2019-0012.<\/a><\/p>\n<p style=\"text-align: justify;\"><a href=\"https:\/\/www.ncbi.nlm.nih.gov\/pubmed\/31606594\" onclick=\"javascript:_gaq.push(['_trackEvent','outbound-article','http:\/\/www.ncbi.nlm.nih.gov']);\" target=\"_blank\">Cernackova A, Mikova L, Horvathova L, Tillinger A, Mravec B. Cachexia induced by Yoshida ascites hepatoma in Wistar rats is not associated with inflammatory response in the spleen or brain. J Neuroimmunol. 2019 Dec 15;337:577068. doi: 10.1016\/j.jneuroim.2019.577068. Epub 2019 Sep 12.<\/a><\/p>\n<p style=\"text-align: justify;\"><a href=\"https:\/\/www.ncbi.nlm.nih.gov\/pubmed\/31629985\" onclick=\"javascript:_gaq.push(['_trackEvent','outbound-article','http:\/\/www.ncbi.nlm.nih.gov']);\" target=\"_blank\">Mravec B. Chemical sympathectomy attenuates lipopolysaccharide-induced increase of plasma cytokine levels in rats pretreated by ACTH. J Neuroimmunol. 2019 Dec 15;337:577086. doi: 10.1016\/j.jneuroim.2019.577086. Epub 2019 Oct 13.<\/a><\/p>\n<p style=\"text-align: justify;\"><a href=\"https:\/\/www.ncbi.nlm.nih.gov\/pubmed\/31517618\" onclick=\"javascript:_gaq.push(['_trackEvent','outbound-article','http:\/\/www.ncbi.nlm.nih.gov']);\" target=\"_blank\">Falougy HE, Filova B, Ostatnikova D, Bacova Z, Bakos J. Neuronal morphology alterations in autism and possible role of oxytocin. Endocr Regul. 2019 Jan 1;53(1):46-54. doi: 10.2478\/enr-2019-0006.<\/a><\/p>\n<p style=\"text-align: justify;\"><a href=\"https:\/\/www.ncbi.nlm.nih.gov\/pubmed\/31517626\" onclick=\"javascript:_gaq.push(['_trackEvent','outbound-article','http:\/\/www.ncbi.nlm.nih.gov']);\" target=\"_blank\">Osacka J, Horvathova L, Cernackova A, Kiss A. Clozapine impact on FosB\/\u0394FosB expression in stress preconditioned rats: response to a novel stressor. Endocr Regul. 2019 Apr 1;53(2):83-92. doi: 10.2478\/enr-2019-0010.<\/a><\/p>\n<p style=\"text-align: justify;\"><a href=\"https:\/\/www.ncbi.nlm.nih.gov\/pubmed\/31197649\" onclick=\"javascript:_gaq.push(['_trackEvent','outbound-article','http:\/\/www.ncbi.nlm.nih.gov']);\" target=\"_blank\">L\u00f3ry V, Bal\u00e1\u017eov\u00e1 L, Kr\u0161kov\u00e1 K, Horv\u00e1thov\u00e1 \u013d, Olszanecki R, Suski M, Z\u00f3rad \u0160. Obesity and aging affects skeletal muscle renin-angiotensin system and myosin heavy chain proportions in pre-diabetic Zucker rats. J Physiol Biochem. 2019 Aug;75(3):351-365. doi: 10.1007\/s13105-019-00689-1. Epub 2019 Jun 13.<\/a><\/p>\n<p style=\"text-align: justify;\"><a href=\"https:\/\/www.ncbi.nlm.nih.gov\/pubmed\/31517634\" onclick=\"javascript:_gaq.push(['_trackEvent','outbound-article','http:\/\/www.ncbi.nlm.nih.gov']);\" target=\"_blank\">Kiss A, Osacka J. Spatial relationship between the c-Fos distribution and enkephalinergic, substance P, and tyrosine hydroxylase innervation fields after acute treatment with neuroleptics olanzapine, amisulpride, quetiapine, and aripiprazole in the rat septum. Endocr Regul. 2019 Jul 1;53(3):165-177. doi: 10.2478\/enr-2019-0017.<\/a><\/p>\n<p style=\"text-align: justify;\"><a href=\"https:\/\/www.ncbi.nlm.nih.gov\/pubmed\/30905743\" onclick=\"javascript:_gaq.push(['_trackEvent','outbound-article','http:\/\/www.ncbi.nlm.nih.gov']);\" target=\"_blank\">Kiss A, Koprdova R, Osacka J, Pecenak J. c-Fos expression response to olanzapine, amisulpride, aripiprazole, and quetiapine single administration in the rat forebrain: Effect of a mild stress preconditioning. Neurochem Int. 2019 Jun;126:187-194. doi: 10.1016\/j.neuint.2019.03.015. Epub 2019 Mar 21.<\/a><\/p>\n<p style=\"text-align: justify;\"><a href=\"https:\/\/www.ncbi.nlm.nih.gov\/pubmed\/30738079\" onclick=\"javascript:_gaq.push(['_trackEvent','outbound-article','http:\/\/www.ncbi.nlm.nih.gov']);\" target=\"_blank\">Ondicova K, Tillinger A, Pecenak J, Mravec B. The vagus nerve role in antidepressants action: Efferent vagal pathways participate in peripheral anti-inflammatory effect of fluoxetine. Neurochem Int. 2019 May;125:47-56. doi: 10.1016\/j.neuint.2019.02.003.<\/a><\/p>\n<p style=\"text-align: justify;\"><a href=\"https:\/\/www.ncbi.nlm.nih.gov\/pubmed\/30377908\" onclick=\"javascript:_gaq.push(['_trackEvent','outbound-article','http:\/\/www.ncbi.nlm.nih.gov']);\" target=\"_blank\">Mravec B, Horvathova L, Cernackova A. Hypothalamic Inflammation at a Crossroad of Somatic Diseases. Cell Mol Neurobiol. 2019 Jan;39(1):11-29. doi: 10.1007\/s10571-018-0631-4. <\/a><\/p>\n<p style=\"text-align: justify;\"><a href=\"https:\/\/www.ncbi.nlm.nih.gov\/pubmed\/30888622\" onclick=\"javascript:_gaq.push(['_trackEvent','outbound-article','http:\/\/www.ncbi.nlm.nih.gov']);\" target=\"_blank\">Zatkova M, Reichova A, Bacova Z, Bakos J. Activation of the Oxytocin Receptor Modulates the Expression of Synaptic Adhesion Molecules in a Cell-Specific Manner. J Mol Neurosci. 2019 Mar 19. doi: 10.1007\/s12031-019-01296-x. [Epub ahead of print]<\/a><\/p>\n<p style=\"text-align: justify;\"><a href=\"https:\/\/www.ncbi.nlm.nih.gov\/pubmed\/30821251\" onclick=\"javascript:_gaq.push(['_trackEvent','outbound-article','http:\/\/www.ncbi.nlm.nih.gov']);\" target=\"_blank\">Ondicova K, Hegedusova N, Tibensky M, Mravec B. Ivabradine reduces baseline and stress-induced increase of heart rate and blood pressure and modulates neuroendocrine stress response in rats depending on stressor intensity. Gen Physiol Biophys. 2019 Mar;38(2):165-173. doi: 10.4149\/gpb_2018046<\/a><\/p>\n<p style=\"text-align: justify;\"><a href=\"https:\/\/www.ncbi.nlm.nih.gov\/pubmed\/30793615\" onclick=\"javascript:_gaq.push(['_trackEvent','outbound-article','http:\/\/www.ncbi.nlm.nih.gov']);\" target=\"_blank\">Mravec B, Dubravicky J, Tibensky M, Horvathova L. Effect of the nervous system on cancer: Analysis of clinical studies. Bratisl Lek Listy. 2019;120(2):119-123. doi: 10.4149\/BLL_2019_019.<\/a><\/p>\n","protected":false},"excerpt":{"rendered":"<p>Tillinger A, Padov\u00e1 A, Mravec B, Tomova A. Stressors affect urocortin 1 and urocortin 2 gene expression in rat spleen: The role of glucocorticoids. J Neuroimmunol. 2019 Nov 15;336:577030. doi: 10.1016\/j.jneuroim.2019.577030. Epub 2019 Aug 23. Padova A, Rokytova I, Mravec &hellip; <a href=\"http:\/\/www.neurodevelopment.sav.sk\/en\/publications\/2019-2\/\" >Continue reading <span class=\"meta-nav\">&rarr;<\/span><\/a><\/p>\n","protected":false},"author":1,"featured_media":0,"parent":21,"menu_order":6,"comment_status":"closed","ping_status":"closed","template":"","meta":[],"_links":{"self":[{"href":"http:\/\/www.neurodevelopment.sav.sk\/en\/wp-json\/wp\/v2\/pages\/349"}],"collection":[{"href":"http:\/\/www.neurodevelopment.sav.sk\/en\/wp-json\/wp\/v2\/pages"}],"about":[{"href":"http:\/\/www.neurodevelopment.sav.sk\/en\/wp-json\/wp\/v2\/types\/page"}],"author":[{"embeddable":true,"href":"http:\/\/www.neurodevelopment.sav.sk\/en\/wp-json\/wp\/v2\/users\/1"}],"replies":[{"embeddable":true,"href":"http:\/\/www.neurodevelopment.sav.sk\/en\/wp-json\/wp\/v2\/comments?post=349"}],"version-history":[{"count":7,"href":"http:\/\/www.neurodevelopment.sav.sk\/en\/wp-json\/wp\/v2\/pages\/349\/revisions"}],"predecessor-version":[{"id":374,"href":"http:\/\/www.neurodevelopment.sav.sk\/en\/wp-json\/wp\/v2\/pages\/349\/revisions\/374"}],"up":[{"embeddable":true,"href":"http:\/\/www.neurodevelopment.sav.sk\/en\/wp-json\/wp\/v2\/pages\/21"}],"wp:attachment":[{"href":"http:\/\/www.neurodevelopment.sav.sk\/en\/wp-json\/wp\/v2\/media?parent=349"}],"curies":[{"name":"wp","href":"https:\/\/api.w.org\/{rel}","templated":true}]}}