{"id":276,"date":"2018-02-15T15:51:02","date_gmt":"2018-02-15T13:51:02","guid":{"rendered":"http:\/\/www.neurodevelopment.sav.sk\/en\/?page_id=276"},"modified":"2018-04-13T14:53:43","modified_gmt":"2018-04-13T12:53:43","slug":"2017-2","status":"publish","type":"page","link":"http:\/\/www.neurodevelopment.sav.sk\/en\/publications\/2017-2\/","title":{"rendered":"2017"},"content":{"rendered":"<p><a href=\"https:\/\/www.ncbi.nlm.nih.gov\/pubmed\/29355377\" onclick=\"javascript:_gaq.push(['_trackEvent','outbound-article','http:\/\/www.ncbi.nlm.nih.gov']);\" target=\"_blank\">Herichov\u00e1 I, Has\u00e1kov\u00e1 K, Luk\u00e1\u010dov\u00e1 D, Mravec B, Horv\u00e1thov\u00e1 \u013d, Kavick\u00e1 D. Prefrontal cortex and dorsomedial hypothalamus mediate food reward-induced effects via npas2 and egr1 expression in rat. Physiol Res. 2017 Dec 30;66(Supplementum 4):S501-S510.<\/a><\/p>\n<p><a href=\"https:\/\/www.ncbi.nlm.nih.gov\/pubmed\/27756486\" onclick=\"javascript:_gaq.push(['_trackEvent','outbound-article','http:\/\/www.ncbi.nlm.nih.gov']);\" target=\"_blank\">Kiss A, Majercikova Z. Repeated asenapine treatment does not participate in the mild stress induced FosB\/\u0394FosB expression in the rat hypothalamic paraventricular nucleus neurons. Neuropeptides. 2017 Feb;61:57-65.<\/a><\/p>\n<p style=\"text-align: justify;\"><a href=\"https:\/\/www.ncbi.nlm.nih.gov\/pubmed\/29108935\" onclick=\"javascript:_gaq.push(['_trackEvent','outbound-article','http:\/\/www.ncbi.nlm.nih.gov']);\" target=\"_blank\">Vazan R, Filcikova D, Mravec B. Effect of the Stroop test performed in supine position on the heart rate variability in both genders. Auton Neurosci. 2017 Dec;208:156-160.<\/a><\/p>\n<p style=\"text-align: justify;\"><a href=\"https:\/\/www.ncbi.nlm.nih.gov\/pubmed\/28609289\" onclick=\"javascript:_gaq.push(['_trackEvent','outbound-article','http:\/\/www.ncbi.nlm.nih.gov']);\" target=\"_blank\">Scsukova S, Bujnakova MA, Kiss A, Rollerova E. Adverse eff ects of polymeric nanoparticle poly(ethylene glycol)- block-polylactide methyl ether (PEG-b-PLA) on steroid hormone secretion by porcine granulosa cells. Endocr Regul. 2017 Apr 25;51(2):96-104. doi: 10.1515\/enr-2017-0009.<\/a><\/p>\n<p style=\"text-align: justify;\"><a href=\"https:\/\/www.ncbi.nlm.nih.gov\/pubmed\/28805558\" onclick=\"javascript:_gaq.push(['_trackEvent','outbound-article','http:\/\/www.ncbi.nlm.nih.gov']);\" target=\"_blank\">Havr\u00e1nek T, Le\u0161\u0165anov\u00e1 Z, Mravec B, \u0160trb\u00e1k V, Bako\u0161 J, Ba\u010dov\u00e1 Z. Oxytocin Modulates Expression of Neuron and Glial Markers in the Rat Hippocampus. Folia Biol (Praha). 2017;63(3):91-97<\/a>.<\/p>\n<p style=\"text-align: justify;\"><a href=\"https:\/\/www.ncbi.nlm.nih.gov\/pubmed\/28609288\" onclick=\"javascript:_gaq.push(['_trackEvent','outbound-article','http:\/\/www.ncbi.nlm.nih.gov']);\" target=\"_blank\">Osacka J, Horvathova L, Majercikova Z, Kiss A. Effect of a single asenapine treatment on Fos expression in the brain catecholamine-synthesizing neurons: impact of a chronic mild stress preconditioning. Endocr Regul. 2017 Apr 25;51(2):73-83. doi: 10.1515\/enr-2017-0007.<\/a><\/p>\n<p style=\"text-align: justify;\"><a href=\"https:\/\/www.ncbi.nlm.nih.gov\/pubmed\/27995495\" onclick=\"javascript:_gaq.push(['_trackEvent','outbound-article','http:\/\/www.ncbi.nlm.nih.gov']);\" target=\"_blank\">Lestanova Z, Puerta F, Alanazi M, Bacova Z, Kiss A, Castejon AM, Bakos J. Downregulation of Oxytocin Receptor Decreases the Length of Projections Stimulated by Retinoic Acid in the U-87MG Cells. Neurochem Res. 2017 Apr;42(4):1006-1014.<\/a><\/p>\n<p style=\"text-align: justify;\"><a href=\"https:\/\/www.ncbi.nlm.nih.gov\/pubmed\/27873537\" onclick=\"javascript:_gaq.push(['_trackEvent','outbound-article','http:\/\/www.ncbi.nlm.nih.gov']);\" target=\"_blank\">Valuskova P, Farar V, Janisova K, Ondicova K, Mravec B, Kvetnansky R, Myslivecek J. Brain region-specific effects of immobilization stress on cholinesterases in mice. Stress. 2017 Jan;20(1):36-43.<\/a><\/p>\n","protected":false},"excerpt":{"rendered":"<p>Herichov\u00e1 I, Has\u00e1kov\u00e1 K, Luk\u00e1\u010dov\u00e1 D, Mravec B, Horv\u00e1thov\u00e1 \u013d, Kavick\u00e1 D. Prefrontal cortex and dorsomedial hypothalamus mediate food reward-induced effects via npas2 and egr1 expression in rat. Physiol Res. 2017 Dec 30;66(Supplementum 4):S501-S510. Kiss A, Majercikova Z. Repeated asenapine &hellip; <a href=\"http:\/\/www.neurodevelopment.sav.sk\/en\/publications\/2017-2\/\" >Continue reading <span class=\"meta-nav\">&rarr;<\/span><\/a><\/p>\n","protected":false},"author":1,"featured_media":0,"parent":21,"menu_order":56,"comment_status":"closed","ping_status":"closed","template":"","meta":[],"_links":{"self":[{"href":"http:\/\/www.neurodevelopment.sav.sk\/en\/wp-json\/wp\/v2\/pages\/276"}],"collection":[{"href":"http:\/\/www.neurodevelopment.sav.sk\/en\/wp-json\/wp\/v2\/pages"}],"about":[{"href":"http:\/\/www.neurodevelopment.sav.sk\/en\/wp-json\/wp\/v2\/types\/page"}],"author":[{"embeddable":true,"href":"http:\/\/www.neurodevelopment.sav.sk\/en\/wp-json\/wp\/v2\/users\/1"}],"replies":[{"embeddable":true,"href":"http:\/\/www.neurodevelopment.sav.sk\/en\/wp-json\/wp\/v2\/comments?post=276"}],"version-history":[{"count":5,"href":"http:\/\/www.neurodevelopment.sav.sk\/en\/wp-json\/wp\/v2\/pages\/276\/revisions"}],"predecessor-version":[{"id":309,"href":"http:\/\/www.neurodevelopment.sav.sk\/en\/wp-json\/wp\/v2\/pages\/276\/revisions\/309"}],"up":[{"embeddable":true,"href":"http:\/\/www.neurodevelopment.sav.sk\/en\/wp-json\/wp\/v2\/pages\/21"}],"wp:attachment":[{"href":"http:\/\/www.neurodevelopment.sav.sk\/en\/wp-json\/wp\/v2\/media?parent=276"}],"curies":[{"name":"wp","href":"https:\/\/api.w.org\/{rel}","templated":true}]}}