{"id":25,"date":"2012-10-26T14:43:22","date_gmt":"2012-10-26T12:43:22","guid":{"rendered":"http:\/\/www.neurodevelopment.sav.sk\/?page_id=25"},"modified":"2023-10-06T15:21:41","modified_gmt":"2023-10-06T13:21:41","slug":"contact","status":"publish","type":"page","link":"http:\/\/www.neurodevelopment.sav.sk\/en\/contact\/","title":{"rendered":"Contact"},"content":{"rendered":"<p>Pavilion of Medical Sciences &#8211; Block C<br \/>\nDubravsk\u00e1 cesta 9, 845 05 Bratislava, Slovakia<br \/>\nTel: +421 2 32295+extension<\/p>\n<p>&nbsp;<\/p>\n<table width=\"605\" border=\"1\" cellspacing=\"0\" cellpadding=\"0\">\n<tbody>\n<tr>\n<td style=\"text-align: left;\" nowrap=\"nowrap\" width=\"209\">\n<p style=\"text-align: justify;\" align=\"center\"><strong>NAME<\/strong><\/p>\n<\/td>\n<td width=\"210\">\n<p style=\"text-align: justify;\" align=\"center\"><strong>MAIL<\/strong><\/p>\n<\/td>\n<td width=\"92\">\n<p style=\"text-align: justify;\" align=\"center\"><strong>FLOOR; DOOR<\/strong><\/p>\n<\/td>\n<td width=\"94\">\n<p align=\"center\"><strong>EXTENSION<\/strong><\/p>\n<\/td>\n<\/tr>\n<tr>\n<td nowrap=\"nowrap\" width=\"209\">Assoc. Prof. RNDr. J\u00e1n Bako\u0161 PhD.<\/td>\n<td width=\"210\">j.bakos(at)savba.sk<\/td>\n<td width=\"92\">5f; 6.97<\/td>\n<td width=\"94\">\n<p align=\"center\">232<\/p>\n<\/td>\n<\/tr>\n<tr>\n<td nowrap=\"nowrap\" width=\"209\">Mgr. Zuzana Ba\u010dov\u00e1 PhD.<\/td>\n<td width=\"210\">ueenbaco(at)savba.sk<\/td>\n<td width=\"92\">5f; 6.96<\/td>\n<td width=\"94\">\n<p align=\"center\">231<\/p>\n<\/td>\n<\/tr>\n<tr>\n<td nowrap=\"nowrap\" width=\"209\">Mgr. Filip Bla\u0161ko<\/td>\n<td width=\"210\">filip. blasko(at)fmed.uniba.sk<\/td>\n<td width=\"92\">4f; 5.102<\/td>\n<td width=\"94\">\n<p align=\"center\">222<\/p>\n<\/td>\n<\/tr>\n<tr>\n<td nowrap=\"nowrap\" width=\"209\">Mgr. Lila Dziewiczov\u00e1<\/td>\n<td width=\"210\">lila.dziewiczova(at)savba.sk<\/td>\n<td width=\"92\">4f; 5.102<\/td>\n<td width=\"94\">\n<p align=\"center\">222<\/p>\n<\/td>\n<\/tr>\n<tr>\n<td nowrap=\"nowrap\" width=\"209\">Mgr. Tom\u00e1\u0161 Havr\u00e1nek PhD.<\/td>\n<td width=\"210\">tomas.havranek(at)savba.sk<\/td>\n<td width=\"92\">5f; 6.97<\/td>\n<td width=\"94\">\n<p align=\"center\">232<\/p>\n<\/td>\n<\/tr>\n<tr>\n<td nowrap=\"nowrap\" width=\"209\">Mgr. \u013dubica Horv\u00e1thov\u00e1, PhD.<\/td>\n<td width=\"210\">lubica.lackovicova(at)savba.sk<\/td>\n<td width=\"92\">4f; 5.107<\/td>\n<td width=\"94\">\n<p align=\"center\">223<\/p>\n<\/td>\n<\/tr>\n<tr>\n<td nowrap=\"nowrap\" width=\"209\">Katar\u00edna Janatov\u00e1<\/td>\n<td width=\"210\">ueenkjan(at)savba.sk<\/td>\n<td width=\"92\">5f; 6.105<\/td>\n<td width=\"94\">\n<p align=\"center\">240<\/p>\n<\/td>\n<\/tr>\n<tr>\n<td nowrap=\"nowrap\" width=\"209\">RNDr. Alexander Kiss, DrSc.<\/td>\n<td width=\"210\">alexander.kiss(at)savba.sk<\/td>\n<td width=\"92\">4f; 5.111<\/td>\n<td width=\"94\">\n<p align=\"center\">225<\/p>\n<\/td>\n<\/tr>\n<tr>\n<td nowrap=\"nowrap\" width=\"209\">Prof. MUDr. Boris Mravec, PhD.<\/td>\n<td width=\"210\">ueenmrav(at)savba.sk<\/td>\n<td width=\"92\">4f; 5.112<\/td>\n<td width=\"94\">\n<p align=\"center\">226<\/p>\n<\/td>\n<\/tr>\n<tr>\n<td nowrap=\"nowrap\" width=\"209\">Mgr. Denisa Mihalj<\/td>\n<td width=\"210\">denisa.mihalj(at)savba.sk<\/td>\n<td width=\"92\">4f; 6.95<\/td>\n<td width=\"94\">\n<p align=\"center\">230<\/p>\n<\/td>\n<\/tr>\n<tr>\n<td nowrap=\"nowrap\" width=\"209\">RNDr. Jana Osack\u00e1, PhD.<\/td>\n<td width=\"210\">jana.bundzikova(at)savba.sk<\/td>\n<td width=\"92\">4f; 5.107<\/td>\n<td width=\"94\">\n<p align=\"center\">223<\/p>\n<\/td>\n<\/tr>\n<tr>\n<td nowrap=\"nowrap\" width=\"209\">PharmDr. Zdenko Pirn\u00edk, PhD.<\/td>\n<td width=\"210\">ueenpirn(at)savba.sk<\/td>\n<td width=\"92\">4f; 5.107<\/td>\n<td width=\"94\">\n<p align=\"center\">223<\/p>\n<\/td>\n<\/tr>\n<tr>\n<td nowrap=\"nowrap\" width=\"209\">Ing. Alexandra Reichov\u00e1<\/td>\n<td width=\"210\">alexandra.reichova(at)savba.sk<\/td>\n<td width=\"92\">5f; 6.95<\/td>\n<td width=\"94\">\n<p align=\"center\">230<\/p>\n<\/td>\n<\/tr>\n<tr>\n<td nowrap=\"nowrap\" width=\"209\">Mgr. Anna Sadlo\u0148ov\u00e1<\/td>\n<td width=\"210\">anna.sadlonova(at)savba.sk<\/td>\n<td width=\"92\">5f; 6.95<\/td>\n<td width=\"94\">\n<p align=\"center\">230<\/p>\n<\/td>\n<\/tr>\n<tr>\n<td nowrap=\"nowrap\" width=\"209\">MUDr. Vladim\u00edr \u0160trb\u00e1k DrSc.<\/td>\n<td width=\"210\">ueenstrb(at)savba.sk<\/td>\n<td width=\"92\">5f; 6.98<\/td>\n<td width=\"94\">\n<p align=\"center\">233<\/p>\n<\/td>\n<\/tr>\n<tr>\n<td nowrap=\"nowrap\" width=\"209\">Ing. Andrej Tillinger, PhD.<\/td>\n<td width=\"210\">andrej.tillinger(at)savba.sk<\/td>\n<td width=\"92\">4f; 5.113<\/td>\n<td width=\"94\">\n<p align=\"center\">227<\/p>\n<\/td>\n<\/tr>\n<tr>\n<td nowrap=\"nowrap\" width=\"209\">Mgr. Peter Vargovi\u010d PhD.<\/td>\n<td width=\"210\">peter.vargovic(at)savba.sk<\/td>\n<td width=\"92\">8f; 9.101<\/td>\n<td width=\"94\">\n<p align=\"center\">279<\/p>\n<\/td>\n<\/tr>\n<\/tbody>\n<\/table>\n<p>&nbsp;<\/p>\n","protected":false},"excerpt":{"rendered":"<p>Pavilion of Medical Sciences &#8211; Block C Dubravsk\u00e1 cesta 9, 845 05 Bratislava, Slovakia Tel: +421 2 32295+extension &nbsp; NAME MAIL FLOOR; DOOR EXTENSION Assoc. Prof. RNDr. J\u00e1n Bako\u0161 PhD. j.bakos(at)savba.sk 5f; 6.97 232 Mgr. Zuzana Ba\u010dov\u00e1 PhD. ueenbaco(at)savba.sk 5f; &hellip; <a href=\"http:\/\/www.neurodevelopment.sav.sk\/en\/contact\/\" >Continue reading <span class=\"meta-nav\">&rarr;<\/span><\/a><\/p>\n","protected":false},"author":1,"featured_media":0,"parent":0,"menu_order":70,"comment_status":"closed","ping_status":"closed","template":"","meta":[],"_links":{"self":[{"href":"http:\/\/www.neurodevelopment.sav.sk\/en\/wp-json\/wp\/v2\/pages\/25"}],"collection":[{"href":"http:\/\/www.neurodevelopment.sav.sk\/en\/wp-json\/wp\/v2\/pages"}],"about":[{"href":"http:\/\/www.neurodevelopment.sav.sk\/en\/wp-json\/wp\/v2\/types\/page"}],"author":[{"embeddable":true,"href":"http:\/\/www.neurodevelopment.sav.sk\/en\/wp-json\/wp\/v2\/users\/1"}],"replies":[{"embeddable":true,"href":"http:\/\/www.neurodevelopment.sav.sk\/en\/wp-json\/wp\/v2\/comments?post=25"}],"version-history":[{"count":45,"href":"http:\/\/www.neurodevelopment.sav.sk\/en\/wp-json\/wp\/v2\/pages\/25\/revisions"}],"predecessor-version":[{"id":528,"href":"http:\/\/www.neurodevelopment.sav.sk\/en\/wp-json\/wp\/v2\/pages\/25\/revisions\/528"}],"wp:attachment":[{"href":"http:\/\/www.neurodevelopment.sav.sk\/en\/wp-json\/wp\/v2\/media?parent=25"}],"curies":[{"name":"wp","href":"https:\/\/api.w.org\/{rel}","templated":true}]}}