{"id":14,"date":"2012-10-26T14:40:26","date_gmt":"2012-10-26T12:40:26","guid":{"rendered":"http:\/\/www.neurodevelopment.sav.sk\/?page_id=14"},"modified":"2024-10-03T13:41:06","modified_gmt":"2024-10-03T11:41:06","slug":"team-members","status":"publish","type":"page","link":"http:\/\/www.neurodevelopment.sav.sk\/en\/team-members\/","title":{"rendered":"Team members"},"content":{"rendered":"<p><a href=\"http:\/\/www.neurodevelopment.sav.sk\/en\/wp-content\/uploads\/Bakos_cover.jpg\"  rel=\"lightbox[14]\" title=\"J\u00e1n Bako\u0161, RNDr., PhD\"><img decoding=\"async\" loading=\"lazy\" class=\"size-thumbnail wp-image-64 alignleft\" title=\"J\u00e1n Bako\u0161, RNDr., PhD\" src=\"http:\/\/www.neurodevelopment.sav.sk\/en\/wp-content\/uploads\/Bakos_cover-150x150.jpg\" alt=\"\" width=\"150\" height=\"150\" \/><\/a><strong>J\u00e1n Bako\u0161, Assoc. Prof. RNDr., PhD<\/strong><br \/>\n<em>Head of Department<br \/>\n<\/em><\/p>\n<p>Neuroendocrinology, oxytocin, social behavior, changes in neuron and glia morphology and differentiation<br \/>\nIn vitro, qPCR, fluorescent microscopy, ELISA<\/p>\n<p><a href=\"http:\/\/www.neurodevelopment.sav.sk\/wp-content\/uploads\/Picture11.jpg\"  rel=\"lightbox[14]\" title=\"Lubica Horv\u00e1thov\u00e1, Mgr. PhD.\"><img decoding=\"async\" loading=\"lazy\" class=\"alignleft size-thumbnail wp-image-95\" title=\"Lubica Horv\u00e1thov\u00e1, Mgr. PhD.\" src=\"http:\/\/www.neurodevelopment.sav.sk\/wp-content\/uploads\/Picture11-150x150.jpg\" alt=\"\" width=\"150\" height=\"150\" \/><\/a><strong>Lubica Horv\u00e1thov\u00e1, Mgr., PhD.<\/strong><br \/>\n<em> Deputy head of Department<br \/>\n<\/em><\/p>\n<p>Role of the nerve system in tumor progression<br \/>\nImunohistochemistry, imunofluorescence, histology, ELISA, RIA, in vivo systems<\/p>\n<p><a href=\"http:\/\/www.neurodevelopment.sav.sk\/wp-content\/uploads\/P6010002.jpg\"  rel=\"lightbox[14]\" title=\"Alexander Kiss, RNDr. DrSc.\"><img decoding=\"async\" loading=\"lazy\" class=\"alignleft size-thumbnail wp-image-95\" title=\"Alexander Kiss, RNDr. DrSc.\" src=\"http:\/\/www.neurodevelopment.sav.sk\/wp-content\/uploads\/P6010002-150x150.jpg\" alt=\"\" width=\"150\" height=\"150\" \/><\/a><strong>Alexander Kiss, RNDr., DrSc.<\/strong><br \/>\n<em> Senior researcher<br \/>\n<\/em><\/p>\n<p>Role of the nerve system in tumor progression<br \/>\nImunohistochemistry, imunofluorescence,<br \/>\nhistology,<\/p>\n<p><a href=\"http:\/\/www.neurodevelopment.sav.sk\/wp-content\/uploads\/mravec.jpg\"  rel=\"lightbox[14]\" title=\"Boris Mravec, Prof. MUDr. PhD.\"><img decoding=\"async\" loading=\"lazy\" class=\"alignleft size-thumbnail wp-image-95\" title=\"Boris Mravec, Prof. MUDr. PhD.\" src=\"http:\/\/www.neurodevelopment.sav.sk\/wp-content\/uploads\/mravec-150x150.jpg\" alt=\"\" width=\"150\" height=\"150\" \/><\/a><strong>Boris Mravec, Prof. MUDr., PhD.<\/strong><br \/>\n<em> <em>Senior researcher<\/em><br \/>\n<\/em><\/p>\n<p>Neurobiology<br \/>\nqPCR, Western blot, ELISA, animal experiments, behavioral studies<\/p>\n<p><a href=\"http:\/\/www.neurodevelopment.sav.sk\/wp-content\/uploads\/\u0160trb\u00e1k.jpg\"  rel=\"lightbox[14]\" title=\"Vladim\u00edr \u0160trb\u00e1k, MUDr. DrSc.\"><img decoding=\"async\" loading=\"lazy\" class=\"alignleft size-thumbnail wp-image-63\" title=\"Vladim\u00edr \u0160trb\u00e1k, MUDr. DrSc.\" src=\"http:\/\/www.neurodevelopment.sav.sk\/wp-content\/uploads\/\u0160trb\u00e1k-150x150.jpg\" alt=\"\" width=\"150\" height=\"150\" \/><\/a><strong>Vladim\u00edr \u0160trb\u00e1k, MUDr., DrSc.<\/strong><br \/>\n<em>Senior researcher<\/em><\/p>\n<p>Peptide secretion, changes of cell volume,<br \/>\nhormones in milk<br \/>\nRIA, animal experiments<\/p>\n<p><a href=\"http:\/\/www.neurodevelopment.sav.sk\/wp-content\/uploads\/bacova.jpg\"  rel=\"lightbox[14]\" title=\"Zuzana Ba\u010dov\u00e1, Mgr., PhD\"><img decoding=\"async\" loading=\"lazy\" class=\"alignleft size-thumbnail wp-image-63\" title=\"Zuzana Ba\u010dov\u00e1, Mgr., PhD\" src=\"http:\/\/www.neurodevelopment.sav.sk\/wp-content\/uploads\/bacova-150x150.jpg\" alt=\"\" width=\"150\" height=\"150\" \/><\/a><strong>Zuzana Ba\u010dov\u00e1, Mgr., PhD<\/strong><br \/>\n<em>Researcher<\/em><\/p>\n<p>Protective effects of neuropeptide, TRH, cell volume changes<br \/>\nCell culture, data analysis, statistics<\/p>\n<p><a href=\"http:\/\/www.neurodevelopment.sav.sk\/wp-content\/uploads\/Havr\u00e1nek.png\"  rel=\"lightbox[14]\" title=\"Tom\u00e1\u0161 Havr\u00e1nek, Mgr. PhD.\"><img decoding=\"async\" loading=\"lazy\" class=\"alignleft size-thumbnail wp-image-95\" title=\"Tom\u00e1\u0161 Havr\u00e1nek, Mgr. PhD.\" src=\"http:\/\/www.neurodevelopment.sav.sk\/wp-content\/uploads\/Havr\u00e1nek-150x150.png\" alt=\"\" width=\"150\" height=\"150\" \/><\/a><strong>Tom\u00e1\u0161 Havr\u00e1nek, Mgr., PhD.<\/strong><br \/>\n<em> <em>Researcher<\/em><br \/>\n<\/em><\/p>\n<p>Neurodevelopment<br \/>\nDNA analysis (PCR, qPCR), protein analysis (Western blot), ELISA<\/p>\n<p><a href=\"http:\/\/www.neurodevelopment.sav.sk\/wp-content\/uploads\/Picture12.jpg\"  rel=\"lightbox[14]\" title=\"Jana Osacak\u00e1, RNDr. PhD.\"><img decoding=\"async\" loading=\"lazy\" class=\"alignleft size-thumbnail wp-image-95\" title=\"Jana Osacak\u00e1, RNDr. PhD.\" src=\"http:\/\/www.neurodevelopment.sav.sk\/wp-content\/uploads\/Picture12-150x150.jpg\" alt=\"\" width=\"150\" height=\"150\" \/><\/a><strong>Jana Osack\u00e1, RNDr., PhD.<\/strong><br \/>\n<em> <em>Researcher<\/em><br \/>\n<\/em><\/p>\n<p>Role of the nerve system in tumor progression<br \/>\nImunohistochemistry, imunofluorescence, histology, ELISA, RIA, in vivo systems<\/p>\n<p><a href=\"http:\/\/www.neurodevelopment.sav.sk\/wp-content\/uploads\/Zdeno.jpg\"  rel=\"lightbox[14]\" title=\"Zdenko Pirnik, PharmDr. PhD.\"><img decoding=\"async\" loading=\"lazy\" class=\"alignleft size-thumbnail wp-image-95\" title=\"Zdenko Pirnik, PharmDr. PhD.\" src=\"http:\/\/www.neurodevelopment.sav.sk\/wp-content\/uploads\/Zdeno-150x150.jpg\" alt=\"\" width=\"150\" height=\"150\" \/><\/a><strong>Zdenko Pirnik, PharmDr., PhD.<\/strong><br \/>\n<em> <em>Researcher<\/em><br \/>\n<\/em><\/p>\n<p>Role of the nerve system in tumor progression<br \/>\nImunohistochemistry, imunofluorescence, histology, ELISA, RIA, in vivo systems<\/p>\n<p><a href=\"http:\/\/www.neurodevelopment.sav.sk\/wp-content\/uploads\/Reichova.jpg\"  rel=\"lightbox[14]\" title=\"Alexandra Reichov\u00e1, Ing., PhD.\"><img decoding=\"async\" loading=\"lazy\" class=\"alignleft size-thumbnail wp-image-66\" title=\"Alexandra Reichov\u00e1, Ing., PhD.\" src=\"http:\/\/www.neurodevelopment.sav.sk\/wp-content\/uploads\/Reichova-150x150.jpg\" alt=\"\" width=\"150\" height=\"150\" \/><\/a><strong>Alexandra Reichov\u00e1, Ing., PhD.<\/strong><br \/>\n<em>Researcher<\/em><\/p>\n<p>Oxytocin, GTPase<br \/>\ncell culture, fluorescence microscopy, qPCR<br \/>\nprimary cells, animal models<\/p>\n<p><a href=\"http:\/\/www.neurodevelopment.sav.sk\/wp-content\/uploads\/AT.jpg\"  rel=\"lightbox[14]\" title=\"Andrej Tillinger, Ing. PhD.\"><img decoding=\"async\" loading=\"lazy\" class=\"alignleft size-thumbnail wp-image-65\" title=\"Andrej Tillinger, Ing. PhD.\" src=\"http:\/\/www.neurodevelopment.sav.sk\/wp-content\/uploads\/AT-150x150.jpg\" alt=\"\" width=\"150\" height=\"150\" \/><\/a><strong>Andrej Tillinger, Ing., PhD.<\/strong><em><br \/>\n<em>Researcher<\/em><\/em><\/p>\n<p>Neurobiology of stress response, Urocortin II<br \/>\nqPCR, Western blot, ELISA<br \/>\nanimal experiments behavioral studies<\/p>\n<p><a href=\"http:\/\/www.neurodevelopment.sav.sk\/wp-content\/uploads\/Picture13.jpg\"  rel=\"lightbox[14]\" title=\"Peter Vargovi\u010d, Ing. PhD.\"><img decoding=\"async\" loading=\"lazy\" class=\"alignleft size-thumbnail wp-image-95\" title=\"Peter Vargovi\u010d, Ing. PhD.\" src=\"http:\/\/www.neurodevelopment.sav.sk\/wp-content\/uploads\/Picture13-150x150.jpg\" alt=\"\" width=\"150\" height=\"150\" \/><\/a><strong>Peter Vargovi\u010d, Ing., PhD.<\/strong><br \/>\n<em> <em>Researcher<\/em><br \/>\n<\/em><\/p>\n<p>Stress, Alzheimer disease<br \/>\nDNA analysis (PCR, qPCR), protein analysis (Western blot)<br \/>\nanimal experiments, behavioral study<\/p>\n<p><a href=\"http:\/\/www.neurodevelopment.sav.sk\/wp-content\/uploads\/Filip-Bla\u0161ko.jpg\"  rel=\"lightbox[14]\" title=\"Filip Bla\u0161ko, Mgr.\"><img decoding=\"async\" loading=\"lazy\" class=\"alignleft size-thumbnail wp-image-66\" title=\"Filip Bla\u0161ko, Mgr.\" src=\"http:\/\/www.neurodevelopment.sav.sk\/wp-content\/uploads\/Filip-Bla\u0161ko-150x150.jpg\" alt=\"\" width=\"150\" height=\"150\" \/><\/a><strong>Filip Bla\u0161ko, Mgr.<\/strong><br \/>\n<em>Researcher<\/em><\/p>\n<p>Human tumors<br \/>\nAnimal experimental models<br \/>\nAnalysis of tumor microenvironment and their density<\/p>\n<p><a href=\"http:\/\/www.neurodevelopment.sav.sk\/wp-content\/uploads\/Lila.jpg\"  rel=\"lightbox[14]\" title=\"Lila Dziewiczov\u00e1, Mgr.\"><img decoding=\"async\" loading=\"lazy\" class=\"alignleft size-thumbnail wp-image-95\" title=\"Lila Dziewiczov\u00e1, Mgr.\" src=\"http:\/\/www.neurodevelopment.sav.sk\/wp-content\/uploads\/Lila-150x150.jpg\" alt=\"\" width=\"150\" height=\"150\" \/><\/a><strong>Lila Dziewiczov\u00e1, Mgr.<\/strong><br \/>\n<em><em>PhD student Prif UK<\/em><\/em><\/p>\n<p>Stress disorder<br \/>\nanimal models<br \/>\nImunohistochemistry<\/p>\n<p><a href=\"http:\/\/www.neurodevelopment.sav.sk\/wp-content\/uploads\/Denisa-Mihalj.jpg\"  rel=\"lightbox[14]\" title=\"Denisa Mihalj, Mgr.\"><img decoding=\"async\" loading=\"lazy\" class=\"alignleft size-thumbnail wp-image-66\" title=\"Denisa Mihalj, Mgr.\" src=\"http:\/\/www.neurodevelopment.sav.sk\/wp-content\/uploads\/Denisa-Mihalj-150x150.jpg\" alt=\"\" width=\"150\" height=\"150\" \/><\/a><strong>Denisa Mihalj, Mgr.<\/strong><br \/>\n<em>Researcher<\/em><\/p>\n<p>Synaptic conections of neuronal cells<br \/>\nqPCR, Western blot<br \/>\nImmunohistochemistry<\/p>\n<p><a href=\"http:\/\/www.neurodevelopment.sav.sk\/wp-content\/uploads\/miesto-fotky.jpg\"  rel=\"lightbox[14]\" title=\"Anna Sadlo\u0148ov\u00e1, Mgr.\"><img decoding=\"async\" loading=\"lazy\" class=\"alignleft size-thumbnail wp-image-95\" title=\"Anna Sadlo\u0148ov\u00e1, Mgr.\" src=\"http:\/\/www.neurodevelopment.sav.sk\/wp-content\/uploads\/miesto-fotky-150x150.jpg\" alt=\"\" width=\"150\" height=\"150\" \/><\/a><strong>Barbora Bodorov\u00e1<\/strong><br \/>\n<em><em>PhD student LF UK<\/em><\/em><\/p>\n<p>Hypothalamic differentiation<br \/>\nanimal models, qPCR<br \/>\nImunohistochemistry<\/p>\n<p><strong><span style=\"color: #ff0000;\">ALUMNI<\/span><\/strong><br \/>\n<a href=\"http:\/\/www.neurodevelopment.sav.sk\/wp-content\/uploads\/lestanova.jpg\"  rel=\"lightbox[14]\" title=\"Zuzana Le\u0161\u0165anov\u00e1, Mgr.\"><img decoding=\"async\" loading=\"lazy\" class=\"alignleft size-thumbnail wp-image-67\" title=\"Zuzana Le\u0161\u0165anov\u00e1, Mgr.\" src=\"http:\/\/www.neurodevelopment.sav.sk\/wp-content\/uploads\/lestanova-150x150.jpg\" alt=\"\" width=\"150\" height=\"150\" \/><\/a><strong>Zuzana Le\u0161\u0165anov\u00e1, RNDr., PhD.<\/strong><br \/>\n<em>PhD student PriF UK<\/em><\/p>\n<p>Neuroplasticity, neuropeptides, oxytocin<br \/>\ncell culture, fluorescence microscopia,<br \/>\nqPCR, ELISA<\/p>\n<p><a href=\"http:\/\/www.neurodevelopment.sav.sk\/wp-content\/uploads\/P6010009.jpg\"  rel=\"lightbox[14]\" title=\"L\u00edvia Miku\u0161ka, Mgr.\"><img decoding=\"async\" loading=\"lazy\" class=\"alignleft size-thumbnail wp-image-66\" title=\"L\u00edvia Miku\u0161ka, Mgr.\" src=\"http:\/\/www.neurodevelopment.sav.sk\/wp-content\/uploads\/P6010009-150x150.jpg\" alt=\"\" width=\"150\" height=\"150\" \/><\/a><strong>L\u00edvia Miku\u0161ka, Mgr., PhD.<\/strong><br \/>\n<em><em>PhD student <em>PriF UK<\/em><br \/>\n<\/em><\/em><\/p>\n<p>Role of the nerve system in tumor progression<br \/>\nImunohistochemistry, imunofluorescence, histology<br \/>\nELISA, RIA, in vivo systems<\/p>\n<p><a href=\"http:\/\/www.neurodevelopment.sav.sk\/wp-content\/uploads\/Martina-Z.jpg\"  rel=\"lightbox[14]\" title=\"Martina Za\u0165kov\u00e1, Mgr.\"><img decoding=\"async\" loading=\"lazy\" class=\"alignleft size-thumbnail wp-image-66\" title=\"Martina Za\u0165kov\u00e1, Mgr.\" src=\"http:\/\/www.neurodevelopment.sav.sk\/wp-content\/uploads\/Martina-Z-150x150.jpg\" alt=\"\" width=\"150\" height=\"150\" \/><\/a><\/p>\n<p><strong>Martina Za\u0165kov\u00e1, Mgr., PhD.<\/strong><br \/>\n<em><em>PhD student <em>PriF UK<\/em><br \/>\n<\/em><\/em><\/p>\n<p>Neuroplasticity, neuropeptides, oxytocin<br \/>\ncell culture, fluorescence microscopia, qPCR<br \/>\nanimal models, behovioral studies<\/p>\n<p><a href=\"http:\/\/www.neurodevelopment.sav.sk\/wp-content\/uploads\/sasa-padova.jpg\"  rel=\"lightbox[14]\" title=\"Alexandra Padov\u00e1, Mgr.\"><img decoding=\"async\" loading=\"lazy\" class=\"alignleft size-thumbnail wp-image-66\" title=\"Alexandra Padov\u00e1, Mgr.\" src=\"http:\/\/www.neurodevelopment.sav.sk\/wp-content\/uploads\/sasa-padova-150x150.jpg\" alt=\"\" width=\"150\" height=\"150\" \/><\/a><strong>Alexandra Padov\u00e1, Mgr. PhD.<\/strong><br \/>\n<em><em>PhD student LF UK<\/em><\/em><\/p>\n<p>tau protein<br \/>\nneuroinflammation proteins<br \/>\nqPCR, Western blot<\/p>\n<p><a href=\"http:\/\/www.neurodevelopment.sav.sk\/wp-content\/uploads\/Alena-\u010cern\u00e1\u010dkov\u00e1.jpg\"  rel=\"lightbox[14]\" title=\"Alena \u010cern\u00e1\u010dkov\u00e1, Mgr.\"><img decoding=\"async\" loading=\"lazy\" class=\"alignleft size-thumbnail wp-image-66\" title=\"Alena \u010cern\u00e1\u010dkov\u00e1, Mgr.\" src=\"http:\/\/www.neurodevelopment.sav.sk\/wp-content\/uploads\/Alena-\u010cern\u00e1\u010dkov\u00e1-150x150.jpg\" alt=\"\" width=\"150\" height=\"150\" \/><\/a><strong>Alena Szelle \u010cern\u00e1\u010dkov\u00e1, Mgr. PhD.<\/strong><br \/>\n<em><em>PhD student LF UK<\/em><\/em><\/p>\n<p>hypothalamus inflammation<br \/>\nneuroinflammation proteins<br \/>\nqPCR, Immunohistochemistry<\/p>\n<p><a href=\"http:\/\/www.neurodevelopment.sav.sk\/en\/wp-content\/uploads\/Ivana-Rokytov\u00e1.jpg\"  rel=\"lightbox[14]\" title=\"Ivana Rokytov\u00e1, Mgr.\"><img decoding=\"async\" loading=\"lazy\" class=\"alignleft size-thumbnail wp-image-66\" title=\"Ivana Rokytov\u00e1, Mgr.\" src=\"http:\/\/www.neurodevelopment.sav.sk\/en\/wp-content\/uploads\/Ivana-Rokytov\u00e1-150x150.jpg\" alt=\"\" width=\"150\" height=\"150\" \/><\/a><strong>Ivana Rokytov\u00e1, Mgr. PhD.<\/strong><br \/>\n<em><em>PhD student PriF UK<\/em><\/em><\/p>\n<p>Stress<br \/>\nqPCR, Western Blot<\/p>\n<p><a href=\"http:\/\/www.neurodevelopment.sav.sk\/wp-content\/uploads\/Annamaria-Sran\u010d\u00edkov\u00e1.jpg\"  rel=\"lightbox[14]\" title=\"Annam\u00e1ria Sran\u010d\u00edkov\u00e1, Mgr. PhD.\"><img decoding=\"async\" loading=\"lazy\" class=\"alignleft size-thumbnail wp-image-95\" title=\"Annam\u00e1ria Sran\u010d\u00edkov\u00e1, Mgr. PhD.\" src=\"http:\/\/www.neurodevelopment.sav.sk\/wp-content\/uploads\/Annamaria-Sran\u010d\u00edkov\u00e1-150x150.jpg\" alt=\"\" width=\"150\" height=\"150\" \/><\/a><strong>Annam\u00e1ria Sran\u010d\u00edkov\u00e1, Mgr., PhD<\/strong><br \/>\n<em>Researcher<\/em><\/p>\n<p>Neuronal system<br \/>\nImunocytochemistry, cell culture, fluorescence microscopy<br \/>\nqPCR, Western blot<\/p>\n<p><a href=\"http:\/\/www.neurodevelopment.sav.sk\/wp-content\/uploads\/Picture14.jpg\"  rel=\"lightbox[14]\" title=\"Stanislava Bukatov\u00e1, Mgr.\"><img decoding=\"async\" loading=\"lazy\" class=\"alignleft size-thumbnail wp-image-66\" title=\"Stanislava Bukatov\u00e1, Mgr.\" src=\"http:\/\/www.neurodevelopment.sav.sk\/wp-content\/uploads\/Picture14-150x150.jpg\" alt=\"\" width=\"150\" height=\"150\" \/><\/a><strong>Stanislava Bukatov\u00e1, Mgr. PhD.<\/strong><br \/>\n<em>PhD student PriF UK<\/em><\/p>\n<p>Neuronal cells differentiation<br \/>\nqPCR, Western blot<br \/>\nImmunohistochemistry<\/p>\n<p><a href=\"http:\/\/www.neurodevelopment.sav.sk\/wp-content\/uploads\/miesto-fotky.jpg\"  rel=\"lightbox[14]\" title=\"Anna Sadlo\u0148ov\u00e1, Mgr.\"><img decoding=\"async\" loading=\"lazy\" class=\"alignleft size-thumbnail wp-image-95\" title=\"Anna Sadlo\u0148ov\u00e1, Mgr.\" src=\"http:\/\/www.neurodevelopment.sav.sk\/wp-content\/uploads\/miesto-fotky-150x150.jpg\" alt=\"\" width=\"150\" height=\"150\" \/><\/a><strong>Miroslav Tibensk\u00fd, MUDr. PhD.<\/strong><br \/>\n<em><em>PhD student LF UK<\/em><\/em><\/p>\n<p>Human tumors<br \/>\nAnimal experimental models<br \/>\nAnalysis of tumor microenvironment and their density<\/p>\n<p><a href=\"http:\/\/www.neurodevelopment.sav.sk\/wp-content\/uploads\/katka-fotka.jpg\"  rel=\"lightbox[14]\" title=\"Katar\u00edna Janatov\u00e1\"><img decoding=\"async\" loading=\"lazy\" class=\"alignleft size-thumbnail wp-image-66\" title=\"Katar\u00edna Janatov\u00e1\" src=\"http:\/\/www.neurodevelopment.sav.sk\/wp-content\/uploads\/katka-fotka-150x150.jpg\" alt=\"\" width=\"150\" height=\"150\" \/><\/a><strong>Katar\u00edna Janatov\u00e1<\/strong><br \/>\n<em>technician<\/em><\/p>\n<p>In vitro cultures<br \/>\nLaboratory solution preparation<\/p>\n","protected":false},"excerpt":{"rendered":"<p>J\u00e1n Bako\u0161, Assoc. Prof. RNDr., PhD Head of Department Neuroendocrinology, oxytocin, social behavior, changes in neuron and glia morphology and differentiation In vitro, qPCR, fluorescent microscopy, ELISA Lubica Horv\u00e1thov\u00e1, Mgr., PhD. Deputy head of Department Role of the nerve system &hellip; <a href=\"http:\/\/www.neurodevelopment.sav.sk\/en\/team-members\/\" >Continue reading <span class=\"meta-nav\">&rarr;<\/span><\/a><\/p>\n","protected":false},"author":1,"featured_media":0,"parent":0,"menu_order":20,"comment_status":"closed","ping_status":"closed","template":"","meta":[],"_links":{"self":[{"href":"http:\/\/www.neurodevelopment.sav.sk\/en\/wp-json\/wp\/v2\/pages\/14"}],"collection":[{"href":"http:\/\/www.neurodevelopment.sav.sk\/en\/wp-json\/wp\/v2\/pages"}],"about":[{"href":"http:\/\/www.neurodevelopment.sav.sk\/en\/wp-json\/wp\/v2\/types\/page"}],"author":[{"embeddable":true,"href":"http:\/\/www.neurodevelopment.sav.sk\/en\/wp-json\/wp\/v2\/users\/1"}],"replies":[{"embeddable":true,"href":"http:\/\/www.neurodevelopment.sav.sk\/en\/wp-json\/wp\/v2\/comments?post=14"}],"version-history":[{"count":117,"href":"http:\/\/www.neurodevelopment.sav.sk\/en\/wp-json\/wp\/v2\/pages\/14\/revisions"}],"predecessor-version":[{"id":543,"href":"http:\/\/www.neurodevelopment.sav.sk\/en\/wp-json\/wp\/v2\/pages\/14\/revisions\/543"}],"wp:attachment":[{"href":"http:\/\/www.neurodevelopment.sav.sk\/en\/wp-json\/wp\/v2\/media?parent=14"}],"curies":[{"name":"wp","href":"https:\/\/api.w.org\/{rel}","templated":true}]}}